{"id":527,"date":"2018-09-10T09:19:51","date_gmt":"2018-09-10T09:19:51","guid":{"rendered":"https:\/\/apaalinstitute.com\/casa\/"},"modified":"2024-05-16T22:10:06","modified_gmt":"2024-05-16T22:10:06","slug":"casa","status":"publish","type":"page","link":"https:\/\/apaalinstitute.com\/es\/","title":{"rendered":"Inicio"},"content":{"rendered":"<h2 class=\"heading\" style=\"text-align: center;\">Bienvenido al APAAL Institute<\/h2>\n<h6 style=\"text-align: center;\"><span style=\"color: #000000;\"> El APAAL Institute fue creado por un grupo de profesionales de la salud para educar a cl\u00ednicos que trabajan con personas que experimentan deficiencias en el procesamiento auditivo por s\u00ed solo o cuando coexiste con problemas del desarrollo. El APAAL Institute tiene como objetivo brindar capacitaci\u00f3n, tutor\u00eda continua y desarrollo profesional avanzado.<\/span><\/h6>\n<p>El \u00abPrograma de Procesamiento Auditivo, Atenci\u00f3n Auditiva y Lenguaje receptivo (APAAL)\u00bb que utiliza equipos electr\u00f3nicos especializados del MACK-Box<sup>TM<\/sup> y Besson Auditory Training System<sup>TM<\/sup> equipos a modificar el tiempo, la frecuencia y el volumen de la m\u00fasica y el habla con el objetivo de mejorar la red auditiva a trav\u00e9s de ejercicios auditivos sistem\u00e1ticos y secuenciales.<\/p>\n<h4 class=\"subheading\" style=\"text-align: center;\"><span style=\"color: #800080;\"><a href=\"https:\/\/apaalinstitute.com\/es\/services\/entrenamiento-y-educacion\/\">Mas info&#8230;<\/a><\/span><\/h4>\n<h6 style=\"text-align: center;\"><a href=\"https:\/\/apaalinstitute.com\/wp-content\/uploads\/2022\/09\/Folleto-final.pdf\" target=\"_blank\" rel=\"noopener\"><span style=\"color: #800080;\">1. Folleto informativo del curso (pdf)<\/span><\/a> <a href=\"https:\/\/youtu.be\/iGLGEDKo2uw\" target=\"_blank\" rel=\"noopener\"><span style=\"color: #800080;\">2. V\u00eddeo de introducci\u00f3n de Martha Mack<\/span><\/a><\/h6>\n<div class=\"scroll-through-btn\"><a style=\"text-align: center;\" href=\"#services\">Despl\u00e1cese por nuestra lista de servicios<\/a><\/div>\n","protected":false},"excerpt":{"rendered":"<p>Bienvenido al APAAL Institute El APAAL Institute fue creado por un grupo de profesionales de la salud para educar a cl\u00ednicos que trabajan con personas que experimentan deficiencias en el procesamiento auditivo por s\u00ed solo o cuando coexiste con problemas del desarrollo. El APAAL Institute tiene como objetivo brindar capacitaci\u00f3n, tutor\u00eda continua y desarrollo profesional &hellip; <\/p>\n<p class=\"link-more\"><a href=\"https:\/\/apaalinstitute.com\/es\/\" class=\"more-link\">Continuar leyendo<span class=\"screen-reader-text\"> \u00abInicio\u00bb<\/span><\/a><\/p>\n","protected":false},"author":1,"featured_media":0,"parent":0,"menu_order":0,"comment_status":"closed","ping_status":"closed","template":"","meta":{"_mi_skip_tracking":false},"acf":[],"_links":{"self":[{"href":"https:\/\/apaalinstitute.com\/es\/wp-json\/wp\/v2\/pages\/527"}],"collection":[{"href":"https:\/\/apaalinstitute.com\/es\/wp-json\/wp\/v2\/pages"}],"about":[{"href":"https:\/\/apaalinstitute.com\/es\/wp-json\/wp\/v2\/types\/page"}],"author":[{"embeddable":true,"href":"https:\/\/apaalinstitute.com\/es\/wp-json\/wp\/v2\/users\/1"}],"replies":[{"embeddable":true,"href":"https:\/\/apaalinstitute.com\/es\/wp-json\/wp\/v2\/comments?post=527"}],"version-history":[{"count":4,"href":"https:\/\/apaalinstitute.com\/es\/wp-json\/wp\/v2\/pages\/527\/revisions"}],"predecessor-version":[{"id":1022,"href":"https:\/\/apaalinstitute.com\/es\/wp-json\/wp\/v2\/pages\/527\/revisions\/1022"}],"wp:attachment":[{"href":"https:\/\/apaalinstitute.com\/es\/wp-json\/wp\/v2\/media?parent=527"}],"curies":[{"name":"wp","href":"https:\/\/api.w.org\/{rel}","templated":true}]}}