{"id":535,"date":"2018-09-10T10:06:22","date_gmt":"2018-09-10T10:06:22","guid":{"rendered":"https:\/\/apaalinstitute.com\/sobre-nosotros\/"},"modified":"2022-09-19T13:38:05","modified_gmt":"2022-09-19T13:38:05","slug":"sobre-nosotros","status":"publish","type":"page","link":"https:\/\/apaalinstitute.com\/es\/sobre-nosotros\/","title":{"rendered":"Sobre nosotros"},"content":{"rendered":"<p>El Instituto APAAL se form\u00f3 para brindar capacitaci\u00f3n y tutor\u00eda a profesionales en el campo del procesamiento auditivo, el habla y el lenguaje y el procesamiento visual, usando el Programa APAAL.<\/p>\n","protected":false},"excerpt":{"rendered":"<p>El Instituto APAAL se form\u00f3 para brindar capacitaci\u00f3n y tutor\u00eda a profesionales en el campo del procesamiento auditivo, el habla y el lenguaje y el procesamiento visual, usando el Programa APAAL.<\/p>\n","protected":false},"author":1,"featured_media":515,"parent":0,"menu_order":0,"comment_status":"closed","ping_status":"closed","template":"template-parts\/about.php","meta":{"_mi_skip_tracking":false},"acf":[],"_links":{"self":[{"href":"https:\/\/apaalinstitute.com\/es\/wp-json\/wp\/v2\/pages\/535"}],"collection":[{"href":"https:\/\/apaalinstitute.com\/es\/wp-json\/wp\/v2\/pages"}],"about":[{"href":"https:\/\/apaalinstitute.com\/es\/wp-json\/wp\/v2\/types\/page"}],"author":[{"embeddable":true,"href":"https:\/\/apaalinstitute.com\/es\/wp-json\/wp\/v2\/users\/1"}],"replies":[{"embeddable":true,"href":"https:\/\/apaalinstitute.com\/es\/wp-json\/wp\/v2\/comments?post=535"}],"version-history":[{"count":0,"href":"https:\/\/apaalinstitute.com\/es\/wp-json\/wp\/v2\/pages\/535\/revisions"}],"wp:featuredmedia":[{"embeddable":true,"href":"https:\/\/apaalinstitute.com\/es\/wp-json\/wp\/v2\/media\/515"}],"wp:attachment":[{"href":"https:\/\/apaalinstitute.com\/es\/wp-json\/wp\/v2\/media?parent=535"}],"curies":[{"name":"wp","href":"https:\/\/api.w.org\/{rel}","templated":true}]}}