{"id":684,"date":"2022-08-13T12:55:34","date_gmt":"2022-08-13T12:55:34","guid":{"rendered":"https:\/\/apaalinstitute.com\/rosa-payan\/"},"modified":"2022-09-28T12:12:23","modified_gmt":"2022-09-28T12:12:23","slug":"rosa-payan","status":"publish","type":"page","link":"https:\/\/apaalinstitute.com\/es\/rosa-payan\/","title":{"rendered":"Rosa Pay\u00e1n"},"content":{"rendered":"<h4 class=\"subheading\" style=\"display: inline;\">Rosa Pay\u00e1n Gonzalez &#8211; \u00d3ptico \u2013 Optometrista<\/h4>\n<p>\u00d3ptico \u2013 Optometrista (Escuela Universitaria \u00d3ptica. Terrassa. EUOOT Barcelona UPC)<br \/>\nPostgrado\u00a0en Optometr\u00eda Pedi\u00e1trica (EUOOT- Fundaci\u00f3n UPC)<br \/>\nPostgrado en Diagn\u00f3stico, tratamiento de los problemas visuales y terapia visual<br \/>\nImpartido por el Dr. Robert Sanet\u00a0(EUOOT\u00a0en colaboraci\u00f3n Pacific University\u00a0College of \u00a0Optometry)<br \/>\nEspecialista en Fototer\u00e1pia Optometrica Syntonic (College of Syntonic Optometry)<br \/>\nTerapeuta de estimulaci\u00f3n psico-audio-fonol\u00f3gica\u00a0M\u00e9todo Tomatis y procesamiento auditivo (APAAL INSTITUTE)<br \/>\nT\u00e9cnico en Neurofeedback (SEBINE)<\/p>\n<h4 class=\"subheading\" style=\"display: inline;\">Asociaciones<\/h4>\n<p>Socio cl\u00ednico de SIODEC (Sociedad Internacional de Optometr\u00eda del Desarrollo y del Comportamiento).<br \/>\nMiembro Especialista y asociado de ACOTV (Associaci\u00f3 Catalana d\u2019Optometria i Ter\u00e0pia Visual)<br \/>\nMiembro de ALTOM (Asociaci\u00f3n espa\u00f1ola alumnos Dr Tomatis)<br \/>\nMiembro de Sociedad Espa\u00f1ola de bio y neurofeedback (SEBINE)<br \/>\nMiembro del colegio oficial de \u00f3pticos-optometristas de Catalu\u00f1a (COOOC)<br \/>\nPresidenta del colegio de \u00f3pticos \u2013optometrista de Andorra (COOOA)<\/p>\n<h4 class=\"subheading\" style=\"display: inline;\">Experience<\/h4>\n<p>Soy Optometrista comportamental y del Desarrollo desde hace m\u00e1s de 30 a\u00f1os. Desde 1990 orient\u00e9 mi profesi\u00f3n a la terapia visual en ni\u00f1os y adolescentes con problemas de lectura, atenci\u00f3n y dificultades de aprendizaje.<\/p>\n<p>La evoluci\u00f3n de entender la visi\u00f3n y el aprendizaje como un proceso integrativo\u00a0y global en el desarrollo infantil, me impuls\u00f3 a profundizar en el conocimiento de otras\u00a0\u00e1reas implicadas en los procesos de aprendizaje. Tales como:<\/p>\n<ul>\n<li>principios b\u00e1sicos de neurodesarrollo,<\/li>\n<li>procesamiento auditivo,<\/li>\n<li>neurolog\u00eda del procesamiento visual,<\/li>\n<li>visi\u00f3n- equilibrio i sistema vestibular,<\/li>\n<li>reflejos primitivos,<\/li>\n<li>autismo y visi\u00f3n,<\/li>\n<li>TDAH y visi\u00f3n<\/li>\n<li>Lateralidad<\/li>\n<li>Visi\u00f3n y postura<\/li>\n<\/ul>\n<p>Dirijo el <strong>Centro de optometr\u00eda y estimulaci\u00f3n infantil<\/strong> AUVIS en Andorra.<\/p>\n<p>Dedicado al diagn\u00f3stico, prevenci\u00f3n y tratamiento de las anomal\u00edas de la\u00a0<strong>visi\u00f3n\u00a0<\/strong>(anomal\u00edas de enfoque y binoculares, estrabismos y ambliop\u00edas, de la percepci\u00f3n visual, de motilidad ocular etc\u2026) y la\u00a0<strong>audici\u00f3n<\/strong> (dificultades de procesamiento auditivo).<\/p>\n<p>Es un centro especializado en tratar\u00a0<strong>problemas de aprendizaje, de atenci\u00f3n y comportamiento<\/strong>\u00a0tanto en ni\u00f1os como adultos, mediante terapia visual (optometr\u00eda comportamental), estimulaci\u00f3n auditiva (M\u00e9todo Tomatis), t\u00e9cnicas de activaci\u00f3n sensoriomotoras (TMR y reflejos primitivos) y Neurofeedback.<\/p>\n<h4 class=\"subheading\" style=\"display: inline;\">\u00c1reas de Trabajo<strong>\u00a0<\/strong><\/h4>\n<ul>\n<li>Terapia visual pedi\u00e1trica preescolar e infantil<\/li>\n<li>Terapia visual en ambliop\u00eda, estrabismos y disfunciones binoculares<\/li>\n<li>Percepci\u00f3n visual<\/li>\n<li>Visi\u00f3n infantil i dificultades de aprendizaje<\/li>\n<li>Reflejos primitivos<\/li>\n<li>Fototerapia Syntonic<\/li>\n<li>Contactolog\u00eda<\/li>\n<li>Trastornos del procesamiento auditivo<\/li>\n<li>Neurofeedback aplicado a problemas de aprendizaje<\/li>\n<li>Terapia visual en traumatismos craneales<\/li>\n<\/ul>\n","protected":false},"excerpt":{"rendered":"<p>Rosa Pay\u00e1n Gonzalez &#8211; \u00d3ptico \u2013 Optometrista \u00d3ptico \u2013 Optometrista (Escuela Universitaria \u00d3ptica. Terrassa. EUOOT Barcelona UPC) Postgrado\u00a0en Optometr\u00eda Pedi\u00e1trica (EUOOT- Fundaci\u00f3n UPC) Postgrado en Diagn\u00f3stico, tratamiento de los problemas visuales y terapia visual Impartido por el Dr. Robert Sanet\u00a0(EUOOT\u00a0en colaboraci\u00f3n Pacific University\u00a0College of \u00a0Optometry) Especialista en Fototer\u00e1pia Optometrica Syntonic (College of Syntonic Optometry) Terapeuta &hellip; <\/p>\n<p class=\"link-more\"><a href=\"https:\/\/apaalinstitute.com\/es\/rosa-payan\/\" class=\"more-link\">Continuar leyendo<span class=\"screen-reader-text\"> \u00abRosa Pay\u00e1n\u00bb<\/span><\/a><\/p>\n","protected":false},"author":1,"featured_media":739,"parent":0,"menu_order":0,"comment_status":"closed","ping_status":"closed","template":"template-parts\/about.php","meta":{"_mi_skip_tracking":false},"acf":[],"_links":{"self":[{"href":"https:\/\/apaalinstitute.com\/es\/wp-json\/wp\/v2\/pages\/684"}],"collection":[{"href":"https:\/\/apaalinstitute.com\/es\/wp-json\/wp\/v2\/pages"}],"about":[{"href":"https:\/\/apaalinstitute.com\/es\/wp-json\/wp\/v2\/types\/page"}],"author":[{"embeddable":true,"href":"https:\/\/apaalinstitute.com\/es\/wp-json\/wp\/v2\/users\/1"}],"replies":[{"embeddable":true,"href":"https:\/\/apaalinstitute.com\/es\/wp-json\/wp\/v2\/comments?post=684"}],"version-history":[{"count":0,"href":"https:\/\/apaalinstitute.com\/es\/wp-json\/wp\/v2\/pages\/684\/revisions"}],"wp:featuredmedia":[{"embeddable":true,"href":"https:\/\/apaalinstitute.com\/es\/wp-json\/wp\/v2\/media\/739"}],"wp:attachment":[{"href":"https:\/\/apaalinstitute.com\/es\/wp-json\/wp\/v2\/media?parent=684"}],"curies":[{"name":"wp","href":"https:\/\/api.w.org\/{rel}","templated":true}]}}