{"id":934,"date":"2022-09-29T11:43:14","date_gmt":"2022-09-29T11:43:14","guid":{"rendered":"https:\/\/apaalinstitute.com\/?page_id=934"},"modified":"2022-10-03T11:15:30","modified_gmt":"2022-10-03T11:15:30","slug":"vision-aprendizaje","status":"publish","type":"page","link":"https:\/\/apaalinstitute.com\/es\/vision-aprendizaje\/","title":{"rendered":"Visi\u00f3n y Aprendizaje"},"content":{"rendered":"<h4 class=\"subheading\" style=\"display: inline;\">\u00bfUN PROBLEMA VISUAL puede producir UN PROBLEMA DE APRENDIZAJE?<\/h4>\n<p>\u00a1La respuesta es\u2026SI! Muchos signos, s\u00edntomas y comportamientos asociados con problemas de aprendizaje son similares a los causados por problemas de visi\u00f3n. Es importante realizar un examen de la visi\u00f3n completo a todos los ni\u00f1os que no consiguen tener buenos resultados en la escuela. Estos son algunos signos y s\u00edntomas presentes en las dificultades de\u00a0 aprendizaje que nos pueden indicar un problema de VISION asociado.<\/p>\n<p><strong>PROBLEMAS REFRACTIVOS:<br \/>\nmiop\u00eda, hipermetrop\u00eda o astigmatismo (Incapacidad para ver claramente de lejos o de cerca)<\/strong><\/p>\n<ul>\n<li>Se queja de visi\u00f3n borrosa.<\/li>\n<li>Se frota los ojos con frecuencia.<\/li>\n<li>No ve bien la pizarra.<\/li>\n<li>Dolores de cabeza.<\/li>\n<\/ul>\n<p><img decoding=\"async\" loading=\"lazy\" class=\"alignright size-full wp-image-917\" style=\"margin-top: 20px; margin-right: 20px;\" src=\"https:\/\/apaalinstitute.com\/wp-content\/uploads\/2022\/08\/Visual-4.jpg\" alt=\"\" width=\"392\" height=\"261\" srcset=\"https:\/\/apaalinstitute.com\/wp-content\/uploads\/2022\/08\/Visual-4.jpg 784w, https:\/\/apaalinstitute.com\/wp-content\/uploads\/2022\/08\/Visual-4-300x200.jpg 300w, https:\/\/apaalinstitute.com\/wp-content\/uploads\/2022\/08\/Visual-4-768x511.jpg 768w\" sizes=\"(max-width: 392px) 100vw, 392px\" \/><\/p>\n<p><strong>PROBLEMAS DE VISION BINOCULAR Y DE ENFOQUE:<br \/>\nIncapacidad para coordinar los dos ojos juntos con eficacia:<\/strong><\/p>\n<ul>\n<li>Se tapa o cubre un ojo.<\/li>\n<li>De vez en cuando ve doble.<\/li>\n<li>Fatiga durante la lectura.<\/li>\n<li>Se acerca mucho las cosas y tiene mala postura en el pupitre.<\/li>\n<li>Se queja de visi\u00f3n borrosa intermitente.<\/li>\n<li>Baja comprensi\u00f3n lectora.<\/li>\n<li>Es capaz de leer s\u00f3lo por un corto per\u00edodo de tiempo.<\/li>\n<li>Tiene dolores de cabeza al leer.<\/li>\n<\/ul>\n<p><strong>PROBLEMAS DE MOVIMIENTOS OCULARES:<br \/>\nFalta de capacidad de mover los ojos con suavidad y precisi\u00f3n:<\/strong><\/p>\n<ul>\n<li>Mueve la cabeza en exceso al leer.<\/li>\n<li>Se pierde leyendo, salta de l\u00ednea o lee lo mismo dos veces.<\/li>\n<li>Mec\u00e1nica lectora lenta.<\/li>\n<li>Necesita utilizar el dedo para no perderse.<\/li>\n<\/ul>\n<p><strong>ALTERACIONES DEL PROCESAMIENTO Y PERCEPCI\u00d3N VISUAL:<\/strong><\/p>\n<ul>\n<li>Problemas para diferenciar derecha-izquierda.<\/li>\n<li>Inversi\u00f3n de letras y n\u00fameros.<\/li>\n<li>Confusi\u00f3n en palabras de igual inicio.<\/li>\n<li>Problemas per aprender conceptos matem\u00e1ticos b\u00e1sicos (tama\u00f1o, magnitud).<\/li>\n<li>Mala comprensi\u00f3n al leer.<\/li>\n<li>Incapacidad de visualizar lo que lee, ni en silencio ni en voz alta.<\/li>\n<li>No puede distinguir la idea importante de los detalles no importantes.<\/li>\n<\/ul>\n<p><strong>PROBLEMAS EN LA INTEGRACI\u00d3N VISUO-MOTORA:<br \/>\nIncapacidad para procesar y reproducir las im\u00e1genes visuales para escribir o dibujar. Dificultades en la coordinaci\u00f3n ojo-mano:<\/strong><\/p>\n<ul>\n<li>Caligraf\u00eda y dibujo pobre.<\/li>\n<li>No puede seguir la l\u00ednea.<\/li>\n<li>Pobre habilidad en copiar.<\/li>\n<li>Puede responder mejor oralmente que por escrito.\u00a0<\/li>\n<\/ul>\n<p><strong>PROBLEMAS EN LA INTEGRACION DE LA LATERALIDAD Y LA DIRECCIONALIDAD: <\/strong><\/p>\n<ul>\n<li>Dificultades para integrar y aprender la derecha y la izquierda.<\/li>\n<li>Invierte letras y palabras.<\/li>\n<li>Problemas para escribir y recordar las letras y n\u00fameros<\/li>\n<li>No alinea los n\u00fameros ni en horizontal ni en vertical.<\/li>\n<\/ul>\n<h4 class=\"subheading\" style=\"display: inline;\">VISION Y LENGUAJE<\/h4>\n<p>El papel que juega la Visi\u00f3n en el desarrollo y la adquisici\u00f3n del lenguaje es de suma importancia, ya que adem\u00e1s de aprender el sonido, el beb\u00e9 debe desarrollar la consciencia de que todas las cosas tienen un nombre.<\/p>\n<p>A medida que se desarrolla el sistema visual, la capacidad de atenci\u00f3n y percepci\u00f3n visual aumenta mes a mes, aprendiendo los nombres para describir lo que ve, su significado, la relaci\u00f3n con el contexto en que se usan las palabras, as\u00ed como la intenci\u00f3n afectiva y sus consecuencias.<\/p>\n<p>De esta forma, su cerebro empieza a relacionar e integrar informaci\u00f3n de varios sistemas, <strong>visi\u00f3n, cognici\u00f3n y lenguaje.<\/strong><\/p>\n<p>Tambi\u00e9n gracias al contacto visual, nos comunicamos\u00a0mediante mensajes no verbales, ya sea con nuestro cuerpo, sonrisa, ce\u00f1o fruncido, etc. Al mirar un rostro podemos extraer informaci\u00f3n, siendo una manera muy poderosa de comunicaci\u00f3n.<\/p>\n<p>&nbsp;<\/p>\n","protected":false},"excerpt":{"rendered":"<p>\u00bfUN PROBLEMA VISUAL puede producir UN PROBLEMA DE APRENDIZAJE? \u00a1La respuesta es\u2026SI! Muchos signos, s\u00edntomas y comportamientos asociados con problemas de aprendizaje son similares a los causados por problemas de visi\u00f3n. Es importante realizar un examen de la visi\u00f3n completo a todos los ni\u00f1os que no consiguen tener buenos resultados en la escuela. Estos son &hellip; <\/p>\n<p class=\"link-more\"><a href=\"https:\/\/apaalinstitute.com\/es\/vision-aprendizaje\/\" class=\"more-link\">Continuar leyendo<span class=\"screen-reader-text\"> \u00abVisi\u00f3n y Aprendizaje\u00bb<\/span><\/a><\/p>\n","protected":false},"author":1,"featured_media":0,"parent":0,"menu_order":0,"comment_status":"closed","ping_status":"closed","template":"","meta":{"_mi_skip_tracking":false},"acf":[],"_links":{"self":[{"href":"https:\/\/apaalinstitute.com\/es\/wp-json\/wp\/v2\/pages\/934"}],"collection":[{"href":"https:\/\/apaalinstitute.com\/es\/wp-json\/wp\/v2\/pages"}],"about":[{"href":"https:\/\/apaalinstitute.com\/es\/wp-json\/wp\/v2\/types\/page"}],"author":[{"embeddable":true,"href":"https:\/\/apaalinstitute.com\/es\/wp-json\/wp\/v2\/users\/1"}],"replies":[{"embeddable":true,"href":"https:\/\/apaalinstitute.com\/es\/wp-json\/wp\/v2\/comments?post=934"}],"version-history":[{"count":0,"href":"https:\/\/apaalinstitute.com\/es\/wp-json\/wp\/v2\/pages\/934\/revisions"}],"wp:attachment":[{"href":"https:\/\/apaalinstitute.com\/es\/wp-json\/wp\/v2\/media?parent=934"}],"curies":[{"name":"wp","href":"https:\/\/api.w.org\/{rel}","templated":true}]}}