{"id":973,"date":"2022-10-11T13:24:07","date_gmt":"2022-10-11T13:24:07","guid":{"rendered":"https:\/\/apaalinstitute.com\/?page_id=973"},"modified":"2022-10-03T11:53:09","modified_gmt":"2022-10-03T11:53:09","slug":"vision-y-audicion","status":"publish","type":"page","link":"https:\/\/apaalinstitute.com\/es\/vision-y-audicion\/","title":{"rendered":"Visi\u00f3n y Audici\u00f3n"},"content":{"rendered":"<h4 class=\"subheading\" style=\"display: inline;\">La VISI\u00d3N Y LA AUDICI\u00d3N deben convertirse en un equipo<\/h4>\n<p><img decoding=\"async\" loading=\"lazy\" class=\"size-medium wp-image-724 alignleft\" style=\"margin-top: 7px;\" src=\"https:\/\/apaalinstitute.com\/wp-content\/uploads\/2022\/08\/Visual-3-300x210.jpg\" alt=\"\" width=\"300\" height=\"210\" srcset=\"https:\/\/apaalinstitute.com\/wp-content\/uploads\/2022\/08\/Visual-3-300x210.jpg 300w, https:\/\/apaalinstitute.com\/wp-content\/uploads\/2022\/08\/Visual-3.jpg 334w\" sizes=\"(max-width: 300px) 100vw, 300px\" \/><\/p>\n<p style=\"margin-top: -11px;\">Tanto los ojos como los o\u00eddos deben coordinarse entre s\u00ed, Y combinar los componentes\u00a0centrales y perif\u00e9ricos de la entrada auditiva y visual. El v\u00ednculo auditivo-visual es un proceso muy importante en la lectura, el aprendizaje y las habilidades sociales.<\/p>\n<p>Durante el proceso lector, la integraci\u00f3n visuo-auditiva va a permitir decodificar i asociar la graf\u00eda (aspecto espacial de la visi\u00f3n) con el fonema (aspecto temporal de la audici\u00f3n).<\/p>\n<p>Por eso muchos diagn\u00f3sticos como la dislexia, por ejemplo, deber\u00edan ir acompa\u00f1ados de un examen de las habilidades visuales, de la valoraci\u00f3n del procesamiento\u00a0<span style=\"font-size: 1rem;\">auditivo, de la integraci\u00f3n visual auditiva y la lateralidad, de la direccionalidad e integraci\u00f3n interhemisf\u00e9rica del ni\u00f1o.<\/span><\/p>\n<p>Dra. Deborah Zelinsky, OD, del \u2018Mind-Eye Institute\u2019 en una entrevista corrobor\u00f3 la palabra del Dr. Norman Doidge, MD afirmando que: \u00abLa optometr\u00eda tambi\u00e9n se puede usar para reconfigurar el cerebro&#8230; Los lentes \u00f3pticos pueden alterar el filtrado sensorial&#8230; influyendo en la actividad cerebral que regula la qu\u00edmica corporal, la integraci\u00f3n sensorial e incluso algunos procesos auditivos\u00bb.<\/p>\n<h4 class=\"subheading\" style=\"display: inline;\">OJO-VESTIBULO<\/h4>\n<p>Podemos navegar con \u00e9xito por nuestro mundo f\u00edsico gracias a la <strong>integraci\u00f3n de los sistemas vestibular, visual y propioceptivo<\/strong> (informaci\u00f3n percibida a trav\u00e9s de nuestros m\u00fasculos y articulaciones).<img decoding=\"async\" loading=\"lazy\" class=\"alignright size-medium wp-image-919\" style=\"margin-top: 45px; margin-right: 1px;\" src=\"https:\/\/apaalinstitute.com\/wp-content\/uploads\/2022\/08\/Visual-5-300x261.jpg\" alt=\"\" width=\"300\" height=\"261\" srcset=\"https:\/\/apaalinstitute.com\/wp-content\/uploads\/2022\/08\/Visual-5-300x261.jpg 300w, https:\/\/apaalinstitute.com\/wp-content\/uploads\/2022\/08\/Visual-5.jpg 623w\" sizes=\"(max-width: 300px) 100vw, 300px\" \/><\/p>\n<p>Una forma en que los sistemas visuales y vestibulares trabajan juntos es a trav\u00e9s del <strong>REFLEJO VEST\u00cdBULO-OCULAR (VOR).<\/strong> \u201cCuando el movimiento de la cabeza es detectado por los sensores vestibulares del o\u00eddo interno, la informaci\u00f3n es procesada por el sistema nervioso central. Se env\u00edan se\u00f1ales a los m\u00fasculos oculares que hacen que nuestros ojos se muevan en la direcci\u00f3n opuesta. El resultado es una imagen estable en la retina.\u00bb<\/p>\n<p>Sobre la base de la relaci\u00f3n entre el sistema VESTIBULAR\u00a0 i el sistema\u00a0 OCULOMOTOR,\u00a0\u00a0P.M Gagey (1988) desarroll\u00f3 su \u201cley de los Canales\u201d:<\/p>\n<p>\u2026. \u201ccada canal semicircular en el o\u00eddo interno cuando es estimulado, produce una contracci\u00f3n de dos m\u00fasculos concretos de los ojos\u201d\u2026.<\/p>\n<p>Adem\u00e1s tanto el <strong>sistema visual<\/strong> como el <strong>sistema auditivo<\/strong> <strong>y el del equilibrio <\/strong>situado en el o\u00eddo interno son receptores de <strong>informaci\u00f3n postural<\/strong> junto al resto de captores posturales\u00a0 del cuerpo (articulaci\u00f3n temporomandibular, columna vertebral, articulaciones, haces musculares y pies)<\/p>\n<p>Tanto <strong>la visi\u00f3n como la oculomotricidad<\/strong> son importantes para el equilibrio. Aunque podamos estar de pie sin visi\u00f3n, nuestra eficacia en la reequilibraci\u00f3n disminuye enormemente.<\/p>\n<p>La VISI\u00d3N PERIF\u00c9RICA tiene un papel particularmente relevante en el control postural y el <strong>reflejo vest\u00edbulo-ocular <\/strong>es imprescindible en la estabilidad visual.<\/p>\n","protected":false},"excerpt":{"rendered":"<p>La VISI\u00d3N Y LA AUDICI\u00d3N deben convertirse en un equipo Tanto los ojos como los o\u00eddos deben coordinarse entre s\u00ed, Y combinar los componentes\u00a0centrales y perif\u00e9ricos de la entrada auditiva y visual. El v\u00ednculo auditivo-visual es un proceso muy importante en la lectura, el aprendizaje y las habilidades sociales. Durante el proceso lector, la integraci\u00f3n &hellip; <\/p>\n<p class=\"link-more\"><a href=\"https:\/\/apaalinstitute.com\/es\/vision-y-audicion\/\" class=\"more-link\">Continuar leyendo<span class=\"screen-reader-text\"> \u00abVisi\u00f3n y Audici\u00f3n\u00bb<\/span><\/a><\/p>\n","protected":false},"author":1,"featured_media":0,"parent":0,"menu_order":0,"comment_status":"closed","ping_status":"closed","template":"","meta":{"_mi_skip_tracking":false},"acf":[],"_links":{"self":[{"href":"https:\/\/apaalinstitute.com\/es\/wp-json\/wp\/v2\/pages\/973"}],"collection":[{"href":"https:\/\/apaalinstitute.com\/es\/wp-json\/wp\/v2\/pages"}],"about":[{"href":"https:\/\/apaalinstitute.com\/es\/wp-json\/wp\/v2\/types\/page"}],"author":[{"embeddable":true,"href":"https:\/\/apaalinstitute.com\/es\/wp-json\/wp\/v2\/users\/1"}],"replies":[{"embeddable":true,"href":"https:\/\/apaalinstitute.com\/es\/wp-json\/wp\/v2\/comments?post=973"}],"version-history":[{"count":0,"href":"https:\/\/apaalinstitute.com\/es\/wp-json\/wp\/v2\/pages\/973\/revisions"}],"wp:attachment":[{"href":"https:\/\/apaalinstitute.com\/es\/wp-json\/wp\/v2\/media?parent=973"}],"curies":[{"name":"wp","href":"https:\/\/api.w.org\/{rel}","templated":true}]}}